{"id":302,"date":"2023-11-17T15:24:48","date_gmt":"2023-11-17T14:24:48","guid":{"rendered":"https:\/\/sonnier.info\/asca\/?page_id=302"},"modified":"2025-10-22T18:15:45","modified_gmt":"2025-10-22T16:15:45","slug":"decoration","status":"publish","type":"page","link":"http:\/\/sonnier.info\/asca\/?page_id=302","title":{"rendered":"OEUVRES \u00e0 la peinture \u00e0 l&rsquo;huile"},"content":{"rendered":"\n<figure class=\"wp-block-image size-large\"><img decoding=\"async\" src=\"http:\/\/sonnier.info\/asca\/wp-content\/uploads\/2025\/10\/6858071997240187792.jpg\" alt=\"\"\/><\/figure>\n\n\n\n<div class=\"wp-block-group\"><div class=\"wp-block-group__inner-container is-layout-constrained wp-block-group-is-layout-constrained\">\n<figure class=\"wp-block-gallery has-nested-images columns-default is-cropped wp-block-gallery-1 is-layout-flex wp-block-gallery-is-layout-flex\">\n<figure class=\"wp-block-image size-large\"><a href=\"https:\/\/sonnier.info\/asca\/wp-content\/uploads\/2025\/01\/A-lhorizon-1.jpg\"><img loading=\"lazy\" decoding=\"async\" width=\"1024\" height=\"576\" src=\"https:\/\/sonnier.info\/asca\/wp-content\/uploads\/2025\/01\/A-lhorizon-1-1024x576.jpg\" alt=\"\" class=\"wp-image-458\" srcset=\"http:\/\/sonnier.info\/asca\/wp-content\/uploads\/2025\/01\/A-lhorizon-1-1024x576.jpg 1024w, http:\/\/sonnier.info\/asca\/wp-content\/uploads\/2025\/01\/A-lhorizon-1-300x169.jpg 300w, http:\/\/sonnier.info\/asca\/wp-content\/uploads\/2025\/01\/A-lhorizon-1-768x432.jpg 768w, http:\/\/sonnier.info\/asca\/wp-content\/uploads\/2025\/01\/A-lhorizon-1-1536x864.jpg 1536w, http:\/\/sonnier.info\/asca\/wp-content\/uploads\/2025\/01\/A-lhorizon-1.jpg 2000w\" sizes=\"auto, (max-width: 1024px) 100vw, 1024px\" \/><\/a><\/figure>\n\n\n\n<figure class=\"wp-block-image size-large\"><a href=\"https:\/\/sonnier.info\/asca\/wp-content\/uploads\/2025\/01\/Caliente-1-scaled.jpg\"><img loading=\"lazy\" decoding=\"async\" width=\"1024\" height=\"1024\" src=\"https:\/\/sonnier.info\/asca\/wp-content\/uploads\/2025\/01\/Caliente-1-1024x1024.jpg\" alt=\"\" class=\"wp-image-459\" srcset=\"http:\/\/sonnier.info\/asca\/wp-content\/uploads\/2025\/01\/Caliente-1-1024x1024.jpg 1024w, http:\/\/sonnier.info\/asca\/wp-content\/uploads\/2025\/01\/Caliente-1-300x300.jpg 300w, http:\/\/sonnier.info\/asca\/wp-content\/uploads\/2025\/01\/Caliente-1-150x150.jpg 150w, http:\/\/sonnier.info\/asca\/wp-content\/uploads\/2025\/01\/Caliente-1-768x768.jpg 768w, http:\/\/sonnier.info\/asca\/wp-content\/uploads\/2025\/01\/Caliente-1-1536x1536.jpg 1536w, http:\/\/sonnier.info\/asca\/wp-content\/uploads\/2025\/01\/Caliente-1-2048x2048.jpg 2048w\" sizes=\"auto, (max-width: 1024px) 100vw, 1024px\" \/><\/a><\/figure>\n\n\n\n<figure class=\"wp-block-image size-large\"><a href=\"https:\/\/sonnier.info\/asca\/wp-content\/uploads\/2025\/01\/De-lautre-cote-du-pont.jpg\"><img loading=\"lazy\" decoding=\"async\" width=\"802\" height=\"1024\" src=\"https:\/\/sonnier.info\/asca\/wp-content\/uploads\/2025\/01\/De-lautre-cote-du-pont-802x1024.jpg\" alt=\"\" class=\"wp-image-443\" srcset=\"http:\/\/sonnier.info\/asca\/wp-content\/uploads\/2025\/01\/De-lautre-cote-du-pont-802x1024.jpg 802w, http:\/\/sonnier.info\/asca\/wp-content\/uploads\/2025\/01\/De-lautre-cote-du-pont-235x300.jpg 235w, http:\/\/sonnier.info\/asca\/wp-content\/uploads\/2025\/01\/De-lautre-cote-du-pont-768x981.jpg 768w, http:\/\/sonnier.info\/asca\/wp-content\/uploads\/2025\/01\/De-lautre-cote-du-pont-1203x1536.jpg 1203w, http:\/\/sonnier.info\/asca\/wp-content\/uploads\/2025\/01\/De-lautre-cote-du-pont.jpg 1566w\" sizes=\"auto, (max-width: 802px) 100vw, 802px\" \/><\/a><\/figure>\n\n\n\n<figure class=\"wp-block-image size-large\"><a href=\"https:\/\/sonnier.info\/asca\/wp-content\/uploads\/2025\/01\/Du-printemps-a-lautomne.jpg\"><img loading=\"lazy\" decoding=\"async\" width=\"720\" height=\"899\" src=\"https:\/\/sonnier.info\/asca\/wp-content\/uploads\/2025\/01\/Du-printemps-a-lautomne.jpg\" alt=\"\" class=\"wp-image-442\" srcset=\"http:\/\/sonnier.info\/asca\/wp-content\/uploads\/2025\/01\/Du-printemps-a-lautomne.jpg 720w, http:\/\/sonnier.info\/asca\/wp-content\/uploads\/2025\/01\/Du-printemps-a-lautomne-240x300.jpg 240w\" sizes=\"auto, (max-width: 720px) 100vw, 720px\" \/><\/a><\/figure>\n\n\n\n<figure class=\"wp-block-image size-large\"><a href=\"https:\/\/sonnier.info\/asca\/wp-content\/uploads\/2025\/01\/En-vacances.jpeg\"><img loading=\"lazy\" decoding=\"async\" width=\"802\" height=\"1024\" src=\"https:\/\/sonnier.info\/asca\/wp-content\/uploads\/2025\/01\/En-vacances-802x1024.jpeg\" alt=\"\" class=\"wp-image-449\" srcset=\"http:\/\/sonnier.info\/asca\/wp-content\/uploads\/2025\/01\/En-vacances-802x1024.jpeg 802w, http:\/\/sonnier.info\/asca\/wp-content\/uploads\/2025\/01\/En-vacances-235x300.jpeg 235w, http:\/\/sonnier.info\/asca\/wp-content\/uploads\/2025\/01\/En-vacances-768x981.jpeg 768w, http:\/\/sonnier.info\/asca\/wp-content\/uploads\/2025\/01\/En-vacances-1203x1536.jpeg 1203w, http:\/\/sonnier.info\/asca\/wp-content\/uploads\/2025\/01\/En-vacances.jpeg 1566w\" sizes=\"auto, (max-width: 802px) 100vw, 802px\" \/><\/a><\/figure>\n\n\n\n<figure class=\"wp-block-image size-large\"><a href=\"https:\/\/sonnier.info\/asca\/wp-content\/uploads\/2025\/01\/La-femme-crea-le-monde-1-scaled.jpg\"><img loading=\"lazy\" decoding=\"async\" width=\"802\" height=\"1024\" src=\"https:\/\/sonnier.info\/asca\/wp-content\/uploads\/2025\/01\/La-femme-crea-le-monde-1-802x1024.jpg\" alt=\"\" class=\"wp-image-460\" srcset=\"http:\/\/sonnier.info\/asca\/wp-content\/uploads\/2025\/01\/La-femme-crea-le-monde-1-802x1024.jpg 802w, http:\/\/sonnier.info\/asca\/wp-content\/uploads\/2025\/01\/La-femme-crea-le-monde-1-235x300.jpg 235w, http:\/\/sonnier.info\/asca\/wp-content\/uploads\/2025\/01\/La-femme-crea-le-monde-1-768x981.jpg 768w, http:\/\/sonnier.info\/asca\/wp-content\/uploads\/2025\/01\/La-femme-crea-le-monde-1-1202x1536.jpg 1202w, http:\/\/sonnier.info\/asca\/wp-content\/uploads\/2025\/01\/La-femme-crea-le-monde-1-1603x2048.jpg 1603w, http:\/\/sonnier.info\/asca\/wp-content\/uploads\/2025\/01\/La-femme-crea-le-monde-1-scaled.jpg 2004w\" sizes=\"auto, (max-width: 802px) 100vw, 802px\" \/><\/a><\/figure>\n\n\n\n<figure class=\"wp-block-image size-large\"><a href=\"https:\/\/sonnier.info\/asca\/wp-content\/uploads\/2025\/01\/La-bonne-etoile-scaled.jpg\"><img loading=\"lazy\" decoding=\"async\" width=\"1024\" height=\"1024\" src=\"https:\/\/sonnier.info\/asca\/wp-content\/uploads\/2025\/01\/La-bonne-etoile-1024x1024.jpg\" alt=\"\" class=\"wp-image-457\" srcset=\"http:\/\/sonnier.info\/asca\/wp-content\/uploads\/2025\/01\/La-bonne-etoile-1024x1024.jpg 1024w, http:\/\/sonnier.info\/asca\/wp-content\/uploads\/2025\/01\/La-bonne-etoile-300x300.jpg 300w, http:\/\/sonnier.info\/asca\/wp-content\/uploads\/2025\/01\/La-bonne-etoile-150x150.jpg 150w, http:\/\/sonnier.info\/asca\/wp-content\/uploads\/2025\/01\/La-bonne-etoile-768x768.jpg 768w, http:\/\/sonnier.info\/asca\/wp-content\/uploads\/2025\/01\/La-bonne-etoile-1536x1536.jpg 1536w, http:\/\/sonnier.info\/asca\/wp-content\/uploads\/2025\/01\/La-bonne-etoile-2048x2048.jpg 2048w\" sizes=\"auto, (max-width: 1024px) 100vw, 1024px\" \/><\/a><\/figure>\n\n\n\n<figure class=\"wp-block-image size-large\"><a href=\"https:\/\/sonnier.info\/asca\/wp-content\/uploads\/2025\/01\/Etre-mere-1.jpg\"><img loading=\"lazy\" decoding=\"async\" width=\"802\" height=\"1024\" src=\"https:\/\/sonnier.info\/asca\/wp-content\/uploads\/2025\/01\/Etre-mere-1-802x1024.jpg\" alt=\"\" class=\"wp-image-461\" srcset=\"http:\/\/sonnier.info\/asca\/wp-content\/uploads\/2025\/01\/Etre-mere-1-802x1024.jpg 802w, http:\/\/sonnier.info\/asca\/wp-content\/uploads\/2025\/01\/Etre-mere-1-235x300.jpg 235w, http:\/\/sonnier.info\/asca\/wp-content\/uploads\/2025\/01\/Etre-mere-1-768x981.jpg 768w, http:\/\/sonnier.info\/asca\/wp-content\/uploads\/2025\/01\/Etre-mere-1-1203x1536.jpg 1203w, http:\/\/sonnier.info\/asca\/wp-content\/uploads\/2025\/01\/Etre-mere-1.jpg 1566w\" sizes=\"auto, (max-width: 802px) 100vw, 802px\" \/><\/a><\/figure>\n\n\n\n<figure class=\"wp-block-image size-large\"><a href=\"https:\/\/sonnier.info\/asca\/wp-content\/uploads\/2025\/01\/Lange.jpg\"><img loading=\"lazy\" decoding=\"async\" width=\"802\" height=\"1024\" src=\"https:\/\/sonnier.info\/asca\/wp-content\/uploads\/2025\/01\/Lange-802x1024.jpg\" alt=\"\" class=\"wp-image-445\" srcset=\"http:\/\/sonnier.info\/asca\/wp-content\/uploads\/2025\/01\/Lange-802x1024.jpg 802w, http:\/\/sonnier.info\/asca\/wp-content\/uploads\/2025\/01\/Lange-235x300.jpg 235w, http:\/\/sonnier.info\/asca\/wp-content\/uploads\/2025\/01\/Lange-768x981.jpg 768w, http:\/\/sonnier.info\/asca\/wp-content\/uploads\/2025\/01\/Lange-1203x1536.jpg 1203w, http:\/\/sonnier.info\/asca\/wp-content\/uploads\/2025\/01\/Lange.jpg 1566w\" sizes=\"auto, (max-width: 802px) 100vw, 802px\" \/><\/a><\/figure>\n\n\n\n<figure class=\"wp-block-image size-large\"><a href=\"https:\/\/sonnier.info\/asca\/wp-content\/uploads\/2025\/01\/Larbre-a-plumes.jpg\"><img loading=\"lazy\" decoding=\"async\" width=\"1024\" height=\"1024\" src=\"https:\/\/sonnier.info\/asca\/wp-content\/uploads\/2025\/01\/Larbre-a-plumes-1024x1024.jpg\" alt=\"\" class=\"wp-image-451\" srcset=\"http:\/\/sonnier.info\/asca\/wp-content\/uploads\/2025\/01\/Larbre-a-plumes-1024x1024.jpg 1024w, http:\/\/sonnier.info\/asca\/wp-content\/uploads\/2025\/01\/Larbre-a-plumes-300x300.jpg 300w, http:\/\/sonnier.info\/asca\/wp-content\/uploads\/2025\/01\/Larbre-a-plumes-150x150.jpg 150w, http:\/\/sonnier.info\/asca\/wp-content\/uploads\/2025\/01\/Larbre-a-plumes-768x768.jpg 768w, http:\/\/sonnier.info\/asca\/wp-content\/uploads\/2025\/01\/Larbre-a-plumes-1536x1536.jpg 1536w, http:\/\/sonnier.info\/asca\/wp-content\/uploads\/2025\/01\/Larbre-a-plumes.jpg 2000w\" sizes=\"auto, (max-width: 1024px) 100vw, 1024px\" \/><\/a><\/figure>\n\n\n\n<figure class=\"wp-block-image size-large\"><a href=\"https:\/\/sonnier.info\/asca\/wp-content\/uploads\/2025\/01\/Lautre-rive-scaled.jpg\"><img loading=\"lazy\" decoding=\"async\" width=\"802\" height=\"1024\" src=\"https:\/\/sonnier.info\/asca\/wp-content\/uploads\/2025\/01\/Lautre-rive-802x1024.jpg\" alt=\"\" class=\"wp-image-453\" srcset=\"http:\/\/sonnier.info\/asca\/wp-content\/uploads\/2025\/01\/Lautre-rive-802x1024.jpg 802w, http:\/\/sonnier.info\/asca\/wp-content\/uploads\/2025\/01\/Lautre-rive-235x300.jpg 235w, http:\/\/sonnier.info\/asca\/wp-content\/uploads\/2025\/01\/Lautre-rive-768x981.jpg 768w, http:\/\/sonnier.info\/asca\/wp-content\/uploads\/2025\/01\/Lautre-rive-1202x1536.jpg 1202w, http:\/\/sonnier.info\/asca\/wp-content\/uploads\/2025\/01\/Lautre-rive-1603x2048.jpg 1603w, http:\/\/sonnier.info\/asca\/wp-content\/uploads\/2025\/01\/Lautre-rive-scaled.jpg 2004w\" sizes=\"auto, (max-width: 802px) 100vw, 802px\" \/><\/a><\/figure>\n\n\n\n<figure class=\"wp-block-image size-large\"><a href=\"https:\/\/sonnier.info\/asca\/wp-content\/uploads\/2025\/01\/Le-cerisier.jpg\"><img loading=\"lazy\" decoding=\"async\" width=\"802\" height=\"1024\" src=\"https:\/\/sonnier.info\/asca\/wp-content\/uploads\/2025\/01\/Le-cerisier-802x1024.jpg\" alt=\"\" class=\"wp-image-444\" srcset=\"http:\/\/sonnier.info\/asca\/wp-content\/uploads\/2025\/01\/Le-cerisier-802x1024.jpg 802w, http:\/\/sonnier.info\/asca\/wp-content\/uploads\/2025\/01\/Le-cerisier-235x300.jpg 235w, http:\/\/sonnier.info\/asca\/wp-content\/uploads\/2025\/01\/Le-cerisier-768x981.jpg 768w, http:\/\/sonnier.info\/asca\/wp-content\/uploads\/2025\/01\/Le-cerisier-1203x1536.jpg 1203w, http:\/\/sonnier.info\/asca\/wp-content\/uploads\/2025\/01\/Le-cerisier.jpg 1566w\" sizes=\"auto, (max-width: 802px) 100vw, 802px\" \/><\/a><\/figure>\n\n\n\n<figure class=\"wp-block-image size-large\"><a href=\"https:\/\/sonnier.info\/asca\/wp-content\/uploads\/2025\/01\/Le-secret-1-scaled.jpg\"><img loading=\"lazy\" decoding=\"async\" width=\"802\" height=\"1024\" src=\"https:\/\/sonnier.info\/asca\/wp-content\/uploads\/2025\/01\/Le-secret-1-802x1024.jpg\" alt=\"\" class=\"wp-image-463\" srcset=\"http:\/\/sonnier.info\/asca\/wp-content\/uploads\/2025\/01\/Le-secret-1-802x1024.jpg 802w, http:\/\/sonnier.info\/asca\/wp-content\/uploads\/2025\/01\/Le-secret-1-235x300.jpg 235w, http:\/\/sonnier.info\/asca\/wp-content\/uploads\/2025\/01\/Le-secret-1-768x981.jpg 768w, http:\/\/sonnier.info\/asca\/wp-content\/uploads\/2025\/01\/Le-secret-1-1202x1536.jpg 1202w, http:\/\/sonnier.info\/asca\/wp-content\/uploads\/2025\/01\/Le-secret-1-1603x2048.jpg 1603w, http:\/\/sonnier.info\/asca\/wp-content\/uploads\/2025\/01\/Le-secret-1-scaled.jpg 2004w\" sizes=\"auto, (max-width: 802px) 100vw, 802px\" \/><\/a><\/figure>\n\n\n\n<figure class=\"wp-block-image size-large\"><a href=\"https:\/\/sonnier.info\/asca\/wp-content\/uploads\/2025\/01\/Lenvolee-1-scaled.jpg\"><img loading=\"lazy\" decoding=\"async\" width=\"802\" height=\"1024\" src=\"https:\/\/sonnier.info\/asca\/wp-content\/uploads\/2025\/01\/Lenvolee-1-802x1024.jpg\" alt=\"\" class=\"wp-image-464\" srcset=\"http:\/\/sonnier.info\/asca\/wp-content\/uploads\/2025\/01\/Lenvolee-1-802x1024.jpg 802w, http:\/\/sonnier.info\/asca\/wp-content\/uploads\/2025\/01\/Lenvolee-1-235x300.jpg 235w, http:\/\/sonnier.info\/asca\/wp-content\/uploads\/2025\/01\/Lenvolee-1-768x981.jpg 768w, http:\/\/sonnier.info\/asca\/wp-content\/uploads\/2025\/01\/Lenvolee-1-1202x1536.jpg 1202w, http:\/\/sonnier.info\/asca\/wp-content\/uploads\/2025\/01\/Lenvolee-1-1603x2048.jpg 1603w, http:\/\/sonnier.info\/asca\/wp-content\/uploads\/2025\/01\/Lenvolee-1-scaled.jpg 2004w\" sizes=\"auto, (max-width: 802px) 100vw, 802px\" \/><\/a><\/figure>\n\n\n\n<figure class=\"wp-block-image size-large\"><a href=\"https:\/\/sonnier.info\/asca\/wp-content\/uploads\/2025\/01\/Les-docs-bleues-1.jpg\"><img loading=\"lazy\" decoding=\"async\" width=\"802\" height=\"1024\" src=\"https:\/\/sonnier.info\/asca\/wp-content\/uploads\/2025\/01\/Les-docs-bleues-1-802x1024.jpg\" alt=\"\" class=\"wp-image-465\" srcset=\"http:\/\/sonnier.info\/asca\/wp-content\/uploads\/2025\/01\/Les-docs-bleues-1-802x1024.jpg 802w, http:\/\/sonnier.info\/asca\/wp-content\/uploads\/2025\/01\/Les-docs-bleues-1-235x300.jpg 235w, http:\/\/sonnier.info\/asca\/wp-content\/uploads\/2025\/01\/Les-docs-bleues-1-768x981.jpg 768w, http:\/\/sonnier.info\/asca\/wp-content\/uploads\/2025\/01\/Les-docs-bleues-1-1203x1536.jpg 1203w, http:\/\/sonnier.info\/asca\/wp-content\/uploads\/2025\/01\/Les-docs-bleues-1.jpg 1566w\" sizes=\"auto, (max-width: 802px) 100vw, 802px\" \/><\/a><\/figure>\n\n\n\n<figure class=\"wp-block-image size-large\"><a href=\"https:\/\/sonnier.info\/asca\/wp-content\/uploads\/2025\/01\/Ma-cathedrale-1.jpg\"><img loading=\"lazy\" decoding=\"async\" width=\"802\" height=\"1024\" src=\"https:\/\/sonnier.info\/asca\/wp-content\/uploads\/2025\/01\/Ma-cathedrale-1-802x1024.jpg\" alt=\"\" class=\"wp-image-466\" srcset=\"http:\/\/sonnier.info\/asca\/wp-content\/uploads\/2025\/01\/Ma-cathedrale-1-802x1024.jpg 802w, http:\/\/sonnier.info\/asca\/wp-content\/uploads\/2025\/01\/Ma-cathedrale-1-235x300.jpg 235w, http:\/\/sonnier.info\/asca\/wp-content\/uploads\/2025\/01\/Ma-cathedrale-1-768x981.jpg 768w, http:\/\/sonnier.info\/asca\/wp-content\/uploads\/2025\/01\/Ma-cathedrale-1-1203x1536.jpg 1203w, http:\/\/sonnier.info\/asca\/wp-content\/uploads\/2025\/01\/Ma-cathedrale-1.jpg 1566w\" sizes=\"auto, (max-width: 802px) 100vw, 802px\" \/><\/a><\/figure>\n\n\n\n<figure class=\"wp-block-image size-large\"><a href=\"https:\/\/sonnier.info\/asca\/wp-content\/uploads\/2025\/01\/Multitude-1-scaled.jpg\"><img loading=\"lazy\" decoding=\"async\" width=\"1024\" height=\"1024\" src=\"https:\/\/sonnier.info\/asca\/wp-content\/uploads\/2025\/01\/Multitude-1-1024x1024.jpg\" alt=\"\" class=\"wp-image-467\" srcset=\"http:\/\/sonnier.info\/asca\/wp-content\/uploads\/2025\/01\/Multitude-1-1024x1024.jpg 1024w, http:\/\/sonnier.info\/asca\/wp-content\/uploads\/2025\/01\/Multitude-1-300x300.jpg 300w, http:\/\/sonnier.info\/asca\/wp-content\/uploads\/2025\/01\/Multitude-1-150x150.jpg 150w, http:\/\/sonnier.info\/asca\/wp-content\/uploads\/2025\/01\/Multitude-1-768x768.jpg 768w, http:\/\/sonnier.info\/asca\/wp-content\/uploads\/2025\/01\/Multitude-1-1536x1536.jpg 1536w, http:\/\/sonnier.info\/asca\/wp-content\/uploads\/2025\/01\/Multitude-1-2048x2048.jpg 2048w\" sizes=\"auto, (max-width: 1024px) 100vw, 1024px\" \/><\/a><\/figure>\n\n\n\n<figure class=\"wp-block-image size-large\"><a href=\"https:\/\/sonnier.info\/asca\/wp-content\/uploads\/2025\/01\/Wine-spirit-1-scaled.jpg\"><img loading=\"lazy\" decoding=\"async\" width=\"802\" height=\"1024\" src=\"https:\/\/sonnier.info\/asca\/wp-content\/uploads\/2025\/01\/Wine-spirit-1-802x1024.jpg\" alt=\"\" class=\"wp-image-468\" srcset=\"http:\/\/sonnier.info\/asca\/wp-content\/uploads\/2025\/01\/Wine-spirit-1-802x1024.jpg 802w, http:\/\/sonnier.info\/asca\/wp-content\/uploads\/2025\/01\/Wine-spirit-1-235x300.jpg 235w, http:\/\/sonnier.info\/asca\/wp-content\/uploads\/2025\/01\/Wine-spirit-1-768x981.jpg 768w, http:\/\/sonnier.info\/asca\/wp-content\/uploads\/2025\/01\/Wine-spirit-1-1202x1536.jpg 1202w, http:\/\/sonnier.info\/asca\/wp-content\/uploads\/2025\/01\/Wine-spirit-1-1603x2048.jpg 1603w, http:\/\/sonnier.info\/asca\/wp-content\/uploads\/2025\/01\/Wine-spirit-1-scaled.jpg 2004w\" sizes=\"auto, (max-width: 802px) 100vw, 802px\" \/><\/a><\/figure>\n\n\n\n<figure class=\"wp-block-image size-large\"><a href=\"https:\/\/sonnier.info\/asca\/wp-content\/uploads\/2025\/01\/Le-jeu-de-la-vie-2.jpeg\"><img loading=\"lazy\" decoding=\"async\" width=\"802\" height=\"1024\" src=\"https:\/\/sonnier.info\/asca\/wp-content\/uploads\/2025\/01\/Le-jeu-de-la-vie-2-802x1024.jpeg\" alt=\"\" class=\"wp-image-469\" srcset=\"http:\/\/sonnier.info\/asca\/wp-content\/uploads\/2025\/01\/Le-jeu-de-la-vie-2-802x1024.jpeg 802w, http:\/\/sonnier.info\/asca\/wp-content\/uploads\/2025\/01\/Le-jeu-de-la-vie-2-235x300.jpeg 235w, http:\/\/sonnier.info\/asca\/wp-content\/uploads\/2025\/01\/Le-jeu-de-la-vie-2-768x981.jpeg 768w, http:\/\/sonnier.info\/asca\/wp-content\/uploads\/2025\/01\/Le-jeu-de-la-vie-2-1203x1536.jpeg 1203w, http:\/\/sonnier.info\/asca\/wp-content\/uploads\/2025\/01\/Le-jeu-de-la-vie-2.jpeg 1566w\" sizes=\"auto, (max-width: 802px) 100vw, 802px\" \/><\/a><\/figure>\n\n\n\n<figure class=\"wp-block-image size-large\"><a href=\"https:\/\/sonnier.info\/asca\/wp-content\/uploads\/2025\/01\/Le-createur-du-bonheur-1-scaled.jpg\"><img loading=\"lazy\" decoding=\"async\" width=\"1024\" height=\"1024\" src=\"https:\/\/sonnier.info\/asca\/wp-content\/uploads\/2025\/01\/Le-createur-du-bonheur-1-1024x1024.jpg\" alt=\"\" class=\"wp-image-470\" srcset=\"http:\/\/sonnier.info\/asca\/wp-content\/uploads\/2025\/01\/Le-createur-du-bonheur-1-1024x1024.jpg 1024w, http:\/\/sonnier.info\/asca\/wp-content\/uploads\/2025\/01\/Le-createur-du-bonheur-1-300x300.jpg 300w, http:\/\/sonnier.info\/asca\/wp-content\/uploads\/2025\/01\/Le-createur-du-bonheur-1-150x150.jpg 150w, http:\/\/sonnier.info\/asca\/wp-content\/uploads\/2025\/01\/Le-createur-du-bonheur-1-768x768.jpg 768w, http:\/\/sonnier.info\/asca\/wp-content\/uploads\/2025\/01\/Le-createur-du-bonheur-1-1536x1536.jpg 1536w, http:\/\/sonnier.info\/asca\/wp-content\/uploads\/2025\/01\/Le-createur-du-bonheur-1-2048x2048.jpg 2048w\" sizes=\"auto, (max-width: 1024px) 100vw, 1024px\" \/><\/a><\/figure>\n\n\n\n<figure class=\"wp-block-image size-large\"><a href=\"https:\/\/sonnier.info\/asca\/wp-content\/uploads\/2025\/01\/Le-secret-provencal-1-scaled.jpg\"><img loading=\"lazy\" decoding=\"async\" width=\"802\" height=\"1024\" src=\"https:\/\/sonnier.info\/asca\/wp-content\/uploads\/2025\/01\/Le-secret-provencal-1-802x1024.jpg\" alt=\"\" class=\"wp-image-471\" srcset=\"http:\/\/sonnier.info\/asca\/wp-content\/uploads\/2025\/01\/Le-secret-provencal-1-802x1024.jpg 802w, http:\/\/sonnier.info\/asca\/wp-content\/uploads\/2025\/01\/Le-secret-provencal-1-235x300.jpg 235w, http:\/\/sonnier.info\/asca\/wp-content\/uploads\/2025\/01\/Le-secret-provencal-1-768x981.jpg 768w, http:\/\/sonnier.info\/asca\/wp-content\/uploads\/2025\/01\/Le-secret-provencal-1-1202x1536.jpg 1202w, http:\/\/sonnier.info\/asca\/wp-content\/uploads\/2025\/01\/Le-secret-provencal-1-1603x2048.jpg 1603w, http:\/\/sonnier.info\/asca\/wp-content\/uploads\/2025\/01\/Le-secret-provencal-1-scaled.jpg 2004w\" sizes=\"auto, (max-width: 802px) 100vw, 802px\" \/><\/a><\/figure>\n<\/figure>\n<\/div><\/div>\n\n\n\n<p><\/p>\n\n\n\n<p><strong>R\u00e9alisation de panneaux destin\u00e9s \u00e0 d\u00e9corer l&rsquo;ext\u00e9rieur d&rsquo;un b\u00e2timent<\/strong><\/p>\n\n\n\n<figure class=\"wp-block-image size-large is-resized\"><a href=\"https:\/\/sonnier.info\/asca\/wp-content\/uploads\/2023\/11\/IMAGE-DECO.jpg\"><img loading=\"lazy\" decoding=\"async\" width=\"1024\" height=\"449\" src=\"https:\/\/sonnier.info\/asca\/wp-content\/uploads\/2023\/11\/IMAGE-DECO-1024x449.jpg\" alt=\"\" class=\"wp-image-331\" style=\"width:1002px;height:auto\" srcset=\"http:\/\/sonnier.info\/asca\/wp-content\/uploads\/2023\/11\/IMAGE-DECO-1024x449.jpg 1024w, http:\/\/sonnier.info\/asca\/wp-content\/uploads\/2023\/11\/IMAGE-DECO-300x132.jpg 300w, http:\/\/sonnier.info\/asca\/wp-content\/uploads\/2023\/11\/IMAGE-DECO-768x337.jpg 768w, http:\/\/sonnier.info\/asca\/wp-content\/uploads\/2023\/11\/IMAGE-DECO.jpg 1035w\" sizes=\"auto, (max-width: 1024px) 100vw, 1024px\" \/><\/a><\/figure>\n\n\n","protected":false},"excerpt":{"rendered":"<p>R\u00e9alisation de panneaux destin\u00e9s \u00e0 d\u00e9corer l&rsquo;ext\u00e9rieur d&rsquo;un b\u00e2timent<\/p>\n","protected":false},"author":3,"featured_media":0,"parent":0,"menu_order":5,"comment_status":"closed","ping_status":"closed","template":"","meta":{"footnotes":""},"class_list":["post-302","page","type-page","status-publish","hentry"],"_links":{"self":[{"href":"http:\/\/sonnier.info\/asca\/index.php?rest_route=\/wp\/v2\/pages\/302","targetHints":{"allow":["GET"]}}],"collection":[{"href":"http:\/\/sonnier.info\/asca\/index.php?rest_route=\/wp\/v2\/pages"}],"about":[{"href":"http:\/\/sonnier.info\/asca\/index.php?rest_route=\/wp\/v2\/types\/page"}],"author":[{"embeddable":true,"href":"http:\/\/sonnier.info\/asca\/index.php?rest_route=\/wp\/v2\/users\/3"}],"replies":[{"embeddable":true,"href":"http:\/\/sonnier.info\/asca\/index.php?rest_route=%2Fwp%2Fv2%2Fcomments&post=302"}],"version-history":[{"count":17,"href":"http:\/\/sonnier.info\/asca\/index.php?rest_route=\/wp\/v2\/pages\/302\/revisions"}],"predecessor-version":[{"id":488,"href":"http:\/\/sonnier.info\/asca\/index.php?rest_route=\/wp\/v2\/pages\/302\/revisions\/488"}],"wp:attachment":[{"href":"http:\/\/sonnier.info\/asca\/index.php?rest_route=%2Fwp%2Fv2%2Fmedia&parent=302"}],"curies":[{"name":"wp","href":"https:\/\/api.w.org\/{rel}","templated":true}]}}